{"id":3657,"date":"2020-09-18T10:36:49","date_gmt":"2020-09-18T08:36:49","guid":{"rendered":"https:\/\/marketwell.no\/?page_id=3657"},"modified":"2021-03-25T15:44:27","modified_gmt":"2021-03-25T13:44:27","slug":"our-app","status":"publish","type":"page","link":"https:\/\/marketwell.no\/en\/our-app\/","title":{"rendered":"Our app"},"content":{"rendered":"<p>[vc_row content_placement=&#8221;middle&#8221;][vc_column width=&#8221;1\/2&#8243;]<div class=\"mkdf-section-title-holder  mkdf-st-top-tagline-position mkdf-st-center-position mkdf-st-bottom-image-position \" style=\"text-align: center\">\n\t<div class=\"mkdf-st-inner\">\n\t\t\t\t\t\t\t<span class=\"mkdf-st-tagline\" >\n\t\t\t\ttime to simplify\t\t\t<\/span>\n\t\t\t\t\t\t\t<h2 class=\"mkdf-st-title\" >\n\t\t\t\tWhere Brands and Salons Come Together\t\t\t<\/h2>\n\t\t\t\t\t\t\t<h5 class=\"mkdf-st-subtitle\" >\n\t\t\t\tAfter a lot of great feedback from the hairdressing and skincare industry, we are ready to present a tailored app for easier and more profitable operation. Get inspiration, stay up to date and view product catalogues with the possibility of easy ordering.\t\t\t<\/h5>\n\t\t\t\t\t\t\t\t\t\t\t<\/div>\n<\/div>[\/vc_column][vc_column width=&#8221;1\/2&#8243;][vc_single_image image=&#8221;4434&#8243; img_size=&#8221;large&#8221; alignment=&#8221;right&#8221; css_animation=&#8221;fadeIn&#8221;][\/vc_column][\/vc_row][vc_row][vc_column][vc_empty_space height=&#8221;50px&#8221;][\/vc_column][\/vc_row][vc_row][vc_column][vc_column_text]<\/p>\n<h4 class=\"ivo_element_heading element_heading\">S\u00f8ml\u00f8st forretningssystem<\/h4>\n<div class=\"ivo_element_contents element_contents\">\n<p>Marketwell&#8217;s grunntanke er at alle l\u00f8sninger, systemer og samarbeidspartnere skal v\u00e6re s\u00f8ml\u00f8st integrert og snakke sammen, dette for \u00e5 skape best mulige verkt\u00f8y for effektiv og l\u00f8nnsom drift. Marketwell har et\u00a0<strong>\u00e5pent API\u00a0<\/strong>og kan derfor integrere med de omliggende partene p\u00e5 best mulig m\u00e5te.<\/p>\n<p>Vi tror at ved at vi sammen tilbyr kundene moderne l\u00f8sninger for en enkel hverdag, s\u00e5 oppn\u00e5r man bedre l\u00f8nnsomhet i alle ledd!<\/p>\n<p>For mer om hvilke l\u00f8sninger Marketwell er integrert med ta en titt lenger ned p\u00e5 siden.\u00a0Er du selv tilknyttet et selskap som \u00f8nsker \u00e5 samarbeide med oss, ta gjerne kontakt for en uforpliktende samtale.<\/p>\n<\/div>\n<p>[\/vc_column_text][\/vc_column][\/vc_row][vc_row][vc_column][vc_empty_space height=&#8221;50px&#8221;][\/vc_column][\/vc_row][vc_row][vc_column width=&#8221;1\/3&#8243;]<div class=\"mkdf-icon-list-holder \" >\n\t<div class=\"mkdf-il-icon-holder\">\n\t\t<i class=\"mkdf-icon-font-awesome fa fa-spa \" style=\"color: #a6d0d6;font-size: 75px\"><\/i>\t<\/div>\n\t<p class=\"mkdf-il-text\" style=\"padding-left: 100px\">For dermatologists<\/p>\n<\/div>[\/vc_column][vc_column width=&#8221;1\/3&#8243;]<div class=\"mkdf-icon-list-holder \" >\n\t<div class=\"mkdf-il-icon-holder\">\n\t\t<i class=\"mkdf-icon-font-awesome fa fa-hand-scissors \" style=\"color: #a6d0d6;font-size: 75px\"><\/i>\t<\/div>\n\t<p class=\"mkdf-il-text\" style=\"padding-left: 100px\">For salons<\/p>\n<\/div>[\/vc_column][vc_column width=&#8221;1\/3&#8243;]<div class=\"mkdf-icon-list-holder \" >\n\t<div class=\"mkdf-il-icon-holder\">\n\t\t<i class=\"mkdf-icon-font-awesome fa fa-building \" style=\"color: #a6d0d6;font-size: 75px\"><\/i>\t<\/div>\n\t<p class=\"mkdf-il-text\" style=\"padding-left: 100px\">For vendors<\/p>\n<\/div>[\/vc_column][\/vc_row]<\/p>\n","protected":false},"excerpt":{"rendered":"<p>[vc_row content_placement=&#8221;middle&#8221;][vc_column width=&#8221;1\/2&#8243;][\/vc_column][vc_column width=&#8221;1\/2&#8243;][vc_single_image image=&#8221;4434&#8243; img_size=&#8221;large&#8221; alignment=&#8221;right&#8221; css_animation=&#8221;fadeIn&#8221;][\/vc_column][\/vc_row][vc_row][vc_column][vc_empty_space height=&#8221;50px&#8221;][\/vc_column][\/vc_row][vc_row][vc_column][vc_column_text] S\u00f8ml\u00f8st forretningssystem Marketwell&#8217;s grunntanke er at alle l\u00f8sninger, systemer og samarbeidspartnere skal v\u00e6re s\u00f8ml\u00f8st integrert og snakke sammen, dette for \u00e5 skape best mulige verkt\u00f8y for effektiv og l\u00f8nnsom drift. Marketwell [&hellip;]<\/p>\n","protected":false},"author":3,"featured_media":0,"parent":0,"menu_order":0,"comment_status":"closed","ping_status":"closed","template":"","meta":{"footnotes":""},"yoast_head":"<!-- This site is optimized with the Yoast SEO plugin v24.5 - https:\/\/yoast.com\/wordpress\/plugins\/seo\/ -->\n<title>Our app - Marketwell<\/title>\n<meta name=\"robots\" content=\"index, follow, max-snippet:-1, max-image-preview:large, max-video-preview:-1\" \/>\n<link rel=\"canonical\" href=\"https:\/\/marketwell.no\/en\/our-app\/\" \/>\n<meta property=\"og:locale\" content=\"en_US\" \/>\n<meta property=\"og:type\" content=\"article\" \/>\n<meta property=\"og:title\" content=\"Our app - Marketwell\" \/>\n<meta property=\"og:description\" content=\"[vc_row content_placement=&#8221;middle&#8221;][vc_column width=&#8221;1\/2&#8243;][\/vc_column][vc_column width=&#8221;1\/2&#8243;][vc_single_image image=&#8221;4434&#8243; img_size=&#8221;large&#8221; alignment=&#8221;right&#8221; css_animation=&#8221;fadeIn&#8221;][\/vc_column][\/vc_row][vc_row][vc_column][vc_empty_space height=&#8221;50px&#8221;][\/vc_column][\/vc_row][vc_row][vc_column][vc_column_text] S\u00f8ml\u00f8st forretningssystem Marketwell&#8217;s grunntanke er at alle l\u00f8sninger, systemer og samarbeidspartnere skal v\u00e6re s\u00f8ml\u00f8st integrert og snakke sammen, dette for \u00e5 skape best mulige verkt\u00f8y for effektiv og l\u00f8nnsom drift. Marketwell [&hellip;]\" \/>\n<meta property=\"og:url\" content=\"https:\/\/marketwell.no\/en\/our-app\/\" \/>\n<meta property=\"og:site_name\" content=\"Marketwell\" \/>\n<meta property=\"article:publisher\" content=\"https:\/\/www.facebook.com\/marketwellnorge\" \/>\n<meta property=\"article:modified_time\" content=\"2021-03-25T13:44:27+00:00\" \/>\n<meta property=\"og:image\" content=\"https:\/\/marketwell.no\/wp-content\/uploads\/2021\/06\/MW-web-images-2.png\" \/>\n\t<meta property=\"og:image:width\" content=\"1000\" \/>\n\t<meta property=\"og:image:height\" content=\"667\" \/>\n\t<meta property=\"og:image:type\" content=\"image\/png\" \/>\n<meta name=\"twitter:card\" content=\"summary_large_image\" \/>\n<meta name=\"twitter:label1\" content=\"Est. reading time\" \/>\n\t<meta name=\"twitter:data1\" content=\"2 minutes\" \/>\n<script type=\"application\/ld+json\" class=\"yoast-schema-graph\">{\"@context\":\"https:\/\/schema.org\",\"@graph\":[{\"@type\":\"WebPage\",\"@id\":\"https:\/\/marketwell.no\/en\/our-app\/\",\"url\":\"https:\/\/marketwell.no\/en\/our-app\/\",\"name\":\"Our app - Marketwell\",\"isPartOf\":{\"@id\":\"https:\/\/marketwell.no\/en\/#website\"},\"datePublished\":\"2020-09-18T08:36:49+00:00\",\"dateModified\":\"2021-03-25T13:44:27+00:00\",\"breadcrumb\":{\"@id\":\"https:\/\/marketwell.no\/en\/our-app\/#breadcrumb\"},\"inLanguage\":\"en-US\",\"potentialAction\":[{\"@type\":\"ReadAction\",\"target\":[\"https:\/\/marketwell.no\/en\/our-app\/\"]}]},{\"@type\":\"BreadcrumbList\",\"@id\":\"https:\/\/marketwell.no\/en\/our-app\/#breadcrumb\",\"itemListElement\":[{\"@type\":\"ListItem\",\"position\":1,\"name\":\"Hjem\",\"item\":\"https:\/\/marketwell.no\/en\/\"},{\"@type\":\"ListItem\",\"position\":2,\"name\":\"Our app\"}]},{\"@type\":\"WebSite\",\"@id\":\"https:\/\/marketwell.no\/en\/#website\",\"url\":\"https:\/\/marketwell.no\/en\/\",\"name\":\"Marketwell\",\"description\":\"Time to Simplify\",\"publisher\":{\"@id\":\"https:\/\/marketwell.no\/en\/#organization\"},\"potentialAction\":[{\"@type\":\"SearchAction\",\"target\":{\"@type\":\"EntryPoint\",\"urlTemplate\":\"https:\/\/marketwell.no\/en\/?s={search_term_string}\"},\"query-input\":{\"@type\":\"PropertyValueSpecification\",\"valueRequired\":true,\"valueName\":\"search_term_string\"}}],\"inLanguage\":\"en-US\"},{\"@type\":\"Organization\",\"@id\":\"https:\/\/marketwell.no\/en\/#organization\",\"name\":\"Marketwell\",\"url\":\"https:\/\/marketwell.no\/en\/\",\"logo\":{\"@type\":\"ImageObject\",\"inLanguage\":\"en-US\",\"@id\":\"https:\/\/marketwell.no\/en\/#\/schema\/logo\/image\/\",\"url\":\"https:\/\/marketwell.no\/wp-content\/uploads\/2020\/06\/MWlogo-transparent-bakkgrunn-1-e1623514698867.png\",\"contentUrl\":\"https:\/\/marketwell.no\/wp-content\/uploads\/2020\/06\/MWlogo-transparent-bakkgrunn-1-e1623514698867.png\",\"width\":509,\"height\":239,\"caption\":\"Marketwell\"},\"image\":{\"@id\":\"https:\/\/marketwell.no\/en\/#\/schema\/logo\/image\/\"},\"sameAs\":[\"https:\/\/www.facebook.com\/marketwellnorge\",\"https:\/\/www.instagram.com\/marketwell_as\/\",\"https:\/\/no.pinterest.com\/marketwell\/\",\"https:\/\/www.youtube.com\/channel\/UCfhYr0EHoJP9xPpxp0Sqc5Q\"]}]}<\/script>\n<!-- \/ Yoast SEO plugin. -->","yoast_head_json":{"title":"Our app - Marketwell","robots":{"index":"index","follow":"follow","max-snippet":"max-snippet:-1","max-image-preview":"max-image-preview:large","max-video-preview":"max-video-preview:-1"},"canonical":"https:\/\/marketwell.no\/en\/our-app\/","og_locale":"en_US","og_type":"article","og_title":"Our app - Marketwell","og_description":"[vc_row content_placement=&#8221;middle&#8221;][vc_column width=&#8221;1\/2&#8243;][\/vc_column][vc_column width=&#8221;1\/2&#8243;][vc_single_image image=&#8221;4434&#8243; img_size=&#8221;large&#8221; alignment=&#8221;right&#8221; css_animation=&#8221;fadeIn&#8221;][\/vc_column][\/vc_row][vc_row][vc_column][vc_empty_space height=&#8221;50px&#8221;][\/vc_column][\/vc_row][vc_row][vc_column][vc_column_text] S\u00f8ml\u00f8st forretningssystem Marketwell&#8217;s grunntanke er at alle l\u00f8sninger, systemer og samarbeidspartnere skal v\u00e6re s\u00f8ml\u00f8st integrert og snakke sammen, dette for \u00e5 skape best mulige verkt\u00f8y for effektiv og l\u00f8nnsom drift. Marketwell [&hellip;]","og_url":"https:\/\/marketwell.no\/en\/our-app\/","og_site_name":"Marketwell","article_publisher":"https:\/\/www.facebook.com\/marketwellnorge","article_modified_time":"2021-03-25T13:44:27+00:00","og_image":[{"width":1000,"height":667,"url":"https:\/\/marketwell.no\/wp-content\/uploads\/2021\/06\/MW-web-images-2.png","type":"image\/png"}],"twitter_card":"summary_large_image","twitter_misc":{"Est. reading time":"2 minutes"},"schema":{"@context":"https:\/\/schema.org","@graph":[{"@type":"WebPage","@id":"https:\/\/marketwell.no\/en\/our-app\/","url":"https:\/\/marketwell.no\/en\/our-app\/","name":"Our app - Marketwell","isPartOf":{"@id":"https:\/\/marketwell.no\/en\/#website"},"datePublished":"2020-09-18T08:36:49+00:00","dateModified":"2021-03-25T13:44:27+00:00","breadcrumb":{"@id":"https:\/\/marketwell.no\/en\/our-app\/#breadcrumb"},"inLanguage":"en-US","potentialAction":[{"@type":"ReadAction","target":["https:\/\/marketwell.no\/en\/our-app\/"]}]},{"@type":"BreadcrumbList","@id":"https:\/\/marketwell.no\/en\/our-app\/#breadcrumb","itemListElement":[{"@type":"ListItem","position":1,"name":"Hjem","item":"https:\/\/marketwell.no\/en\/"},{"@type":"ListItem","position":2,"name":"Our app"}]},{"@type":"WebSite","@id":"https:\/\/marketwell.no\/en\/#website","url":"https:\/\/marketwell.no\/en\/","name":"Marketwell","description":"Time to Simplify","publisher":{"@id":"https:\/\/marketwell.no\/en\/#organization"},"potentialAction":[{"@type":"SearchAction","target":{"@type":"EntryPoint","urlTemplate":"https:\/\/marketwell.no\/en\/?s={search_term_string}"},"query-input":{"@type":"PropertyValueSpecification","valueRequired":true,"valueName":"search_term_string"}}],"inLanguage":"en-US"},{"@type":"Organization","@id":"https:\/\/marketwell.no\/en\/#organization","name":"Marketwell","url":"https:\/\/marketwell.no\/en\/","logo":{"@type":"ImageObject","inLanguage":"en-US","@id":"https:\/\/marketwell.no\/en\/#\/schema\/logo\/image\/","url":"https:\/\/marketwell.no\/wp-content\/uploads\/2020\/06\/MWlogo-transparent-bakkgrunn-1-e1623514698867.png","contentUrl":"https:\/\/marketwell.no\/wp-content\/uploads\/2020\/06\/MWlogo-transparent-bakkgrunn-1-e1623514698867.png","width":509,"height":239,"caption":"Marketwell"},"image":{"@id":"https:\/\/marketwell.no\/en\/#\/schema\/logo\/image\/"},"sameAs":["https:\/\/www.facebook.com\/marketwellnorge","https:\/\/www.instagram.com\/marketwell_as\/","https:\/\/no.pinterest.com\/marketwell\/","https:\/\/www.youtube.com\/channel\/UCfhYr0EHoJP9xPpxp0Sqc5Q"]}]}},"jetpack_sharing_enabled":true,"_links":{"self":[{"href":"https:\/\/marketwell.no\/en\/wp-json\/wp\/v2\/pages\/3657"}],"collection":[{"href":"https:\/\/marketwell.no\/en\/wp-json\/wp\/v2\/pages"}],"about":[{"href":"https:\/\/marketwell.no\/en\/wp-json\/wp\/v2\/types\/page"}],"author":[{"embeddable":true,"href":"https:\/\/marketwell.no\/en\/wp-json\/wp\/v2\/users\/3"}],"replies":[{"embeddable":true,"href":"https:\/\/marketwell.no\/en\/wp-json\/wp\/v2\/comments?post=3657"}],"version-history":[{"count":34,"href":"https:\/\/marketwell.no\/en\/wp-json\/wp\/v2\/pages\/3657\/revisions"}],"predecessor-version":[{"id":4519,"href":"https:\/\/marketwell.no\/en\/wp-json\/wp\/v2\/pages\/3657\/revisions\/4519"}],"wp:attachment":[{"href":"https:\/\/marketwell.no\/en\/wp-json\/wp\/v2\/media?parent=3657"}],"curies":[{"name":"wp","href":"https:\/\/api.w.org\/{rel}","templated":true}]}}