{"id":4372,"date":"2021-10-06T13:18:53","date_gmt":"2021-10-06T11:18:53","guid":{"rendered":"https:\/\/marketwell.no\/?page_id=4372"},"modified":"2022-03-04T14:45:58","modified_gmt":"2022-03-04T13:45:58","slug":"sporsmal-og-svar","status":"publish","type":"page","link":"https:\/\/marketwell.no\/no\/sporsmal-og-svar\/","title":{"rendered":"Sp\u00f8rsm\u00e5l og svar"},"content":{"rendered":"<p>[vc_row equal_height=&raquo;yes&raquo;][vc_column width=&raquo;1\/3&#8243; css=&raquo;.vc_custom_1610638603836{background-color: #d6e7ea !important;}&raquo;]<div class=\"mkdf-iwt clearfix  mkdf-iwt-icon-left mkdf-iwt-icon-medium\">\n\t\n\t<div class=\"mkdf-iwt-images\">\n\t\t<div class=\"mkdf-iwt-background\" >\n\t\t\t\t\t\t\t\t\t\t\t\t\t<\/div>\n\t\t\n\t\t<div class=\"mkdf-iwt-icon\">\n\t\t\t\t\t\t\t\t\t\t\t\t    <span class=\"mkdf-icon-shortcode mkdf-normal   mkdf-icon-medium\"  >\n                    <i class=\"mkdf-icon-linea-icon icon-basic-lock-open mkdf-icon-element\" style=\"\" ><\/i>            <\/span>\n\t\t\t\t\t\t\t\t\t\t<\/div>\n\t<\/div>\n\t<div class=\"mkdf-iwt-content\" >\n\t\t\t\t\t\t<h4\t\t\tclass=\"mkdf-iwt-title\" >\n\t\t\t\t\t\t\t<span class=\"mkdf-iwt-title-text\">KOM I GANG<\/span>\n\t\t\t\t\t\t<\/h4>\n\t\t\t\t\t<\/div>\n<\/div>[vc_empty_space height=&raquo;38px&raquo;][vc_toggle title=&raquo;Hvordan kommer jeg i gang med Marketwell?&raquo;]<strong>Alternativ 1 &#8211; App<\/strong><\/p>\n<p><u>Apple App Store;<\/u> Trykk <strong><a href=\"https:\/\/itunes.apple.com\/us\/app\/marketwell\/id1338980426?mt=8\">her<\/a><\/strong> og last ned app&#8217;en.<br \/>\neller<br \/>\n<u>Google Play;<\/u>\u00a0 Trykk <strong><a href=\"https:\/\/play.google.com\/store\/apps\/details?id=no.marketwell.app\" target=\"_blank\" rel=\"noopener noreferrer\">her<\/a><\/strong> og last ned app&#8217;en .<\/p>\n<p>Trykk \u00abOpprett ny bruker\u00bb<br \/>\nLenke til \u00e5 opprette eget passord blir automatisk sendt til din e-postadresse.<br \/>\nLogg inn.<\/p>\n<p>*Merk: Det kan ta noen timer \u00e5 f\u00e5 aktivisert bestillingsfunksjonen om du har rettigheter om det.<\/p>\n<p><strong>Alternativ 2 &#8211; Nettside<\/strong><br \/>\nTrykk <strong><a href=\"https:\/\/marketwell.no\/no\/var-app\/priser-bedriftskonto\/mini\" target=\"_blank\" rel=\"noopener noreferrer\">her<\/a><\/strong> og fyll inn skjemaet.<\/p>\n<p>Kundesenteret v\u00e5rt setter s\u00e5 opp din\/salongens brukerkonto med produkter og innhold basert p\u00e5 om du er fris\u00f8r eller hudpleier. \u2060 Er dere flere? Vi lager ogs\u00e5 gjerne brukerkontoer til team\/kollegaer.<\/p>\n<p><strong>Alternativ 3 &#8211; Leverand\u00f8r<\/strong><br \/>\nKontakt din lokale salgsrepresentant, s\u00e5 hjelper de deg \u00e5 komme i gang.[\/vc_toggle][vc_empty_space height=&raquo;38px&raquo;][vc_toggle title=&raquo;Hva kan jeg finne i Marketwell appen?&raquo;]Du kan bruke Marketwell til \u00e5 lese nyheter, informasjon om kurs og kampanjer. Du kan se p\u00e5 nye produkter fra din bransje, og ikke minst enkelt legge inn bestilling om du har tilgang til det.[\/vc_toggle][vc_empty_space height=&raquo;38px&raquo;][vc_toggle title=&raquo;Hvor raskt kan jeg starte \u00e5 bruke appen?&raquo;]Du kan starte \u00e5 bruke appen med en gang!<\/p>\n<p>Kundesenteret setter s\u00e5 opp din brukerkonto med rett innhold basert p\u00e5 om du er fris\u00f8r eller hudpleier.<\/p>\n<p>*Varebestilling kan ta noen timer \u00e5 aktivisere om du er helt ny bruker.[\/vc_toggle][vc_empty_space height=&raquo;38px&raquo;][vc_toggle title=&raquo;Hva koster det \u00e5 bruke Marketwell?&raquo;]<\/p>\n<div class=\"wpb_text_column wpb_content_element \">\n<div class=\"wpb_wrapper\">\n<p>N\u00e5v\u00e6rende l\u00f8sning av Marketwell er kostnadsfri for deg som jobber i salong.<\/p>\n<p>Tjenesten fungerer som et gratis magasin hvor innhold hentes fra merkevarene direkte og leveres til deg som en tilleggstjeneste.<\/p>\n<p>Det kan v\u00e6re at vi i fremtiden lanserer nye produkter eller tjenester mot betaling. Det vil vi i s\u00e5 fall informere deg om &#8211; og eventuelle kj\u00f8p er selvf\u00f8lgelig opp til deg.<\/p>\n<\/div>\n<\/div>\n<p>[\/vc_toggle][vc_empty_space height=&raquo;38px&raquo;][vc_toggle title=&raquo;Er det ekte merkevarer fra autoriserte forhandlere i appen?&raquo;]<\/p>\n<div class=\"wpb_text_column wpb_content_element \">\n<div class=\"wpb_wrapper\">\n<p>Ja, vi har avtale med den enkelte leverand\u00f8r om denne tjenesten.<\/p>\n<p>Marketwell formidler kun informasjon (nyheter, kurs og kampanjer) og digitale produktkataloger, med mulighet for bestilling, fra autoriserte distribut\u00f8rer\/forhandlere.<\/p>\n<\/div>\n<\/div>\n<p>[\/vc_toggle][vc_empty_space height=&raquo;38px&raquo;][vc_toggle title=&raquo;Hvordan sletter jeg min bruker p\u00e5 Marketwell?&raquo;]<\/p>\n<div class=\"wpb_text_column wpb_content_element \">\n<div class=\"wpb_wrapper\">\n<p><strong>Du kan slette App og din digitale profil fra Marketwell p\u00e5 flere m\u00e5ter;<br \/>\nApp<\/strong><br \/>\nG\u00e5 inn i &laquo;Instillinger&raquo; og &laquo;Apper&raquo; p\u00e5 telefonen din og velg &laquo;Fjern app&raquo;.<\/p>\n<p><strong>Profil<\/strong><br \/>\nDu kan slette din profil i appen ved \u00e5 g\u00e5 til &laquo;Min profil -&gt; Mer -&gt; Kontakt Marketwell&raquo; og send oss en e-post eller kontakt oss via chat.<\/p>\n<p>Vi respekterer ditt personvern og har rutiner for sletting av data.<\/p>\n<\/div>\n<\/div>\n<p>[\/vc_toggle][vc_empty_space height=&raquo;38px&raquo;][\/vc_column][vc_column width=&raquo;1\/3&#8243; css=&raquo;.vc_custom_1610638849763{background-color: #e5f0f1 !important;}&raquo;]<div class=\"mkdf-iwt clearfix  mkdf-iwt-icon-left mkdf-iwt-icon-medium\">\n\t\n\t<div class=\"mkdf-iwt-images\">\n\t\t<div class=\"mkdf-iwt-background\" >\n\t\t\t\t\t\t\t\t\t\t\t\t\t<\/div>\n\t\t\n\t\t<div class=\"mkdf-iwt-icon\">\n\t\t\t\t\t\t\t\t\t\t\t\t    <span class=\"mkdf-icon-shortcode mkdf-normal   mkdf-icon-medium\"  >\n                    <i class=\"mkdf-icon-linea-icon icon-basic-todo mkdf-icon-element\" style=\"\" ><\/i>            <\/span>\n\t\t\t\t\t\t\t\t\t\t<\/div>\n\t<\/div>\n\t<div class=\"mkdf-iwt-content\" >\n\t\t\t\t\t\t<h4\t\t\tclass=\"mkdf-iwt-title\" >\n\t\t\t\t\t\t\t<span class=\"mkdf-iwt-title-text\">BRUK AV APPEN<\/span>\n\t\t\t\t\t\t<\/h4>\n\t\t\t\t\t<\/div>\n<\/div>[vc_empty_space height=&raquo;38px&raquo;][vc_toggle title=&raquo;Kan jeg ha flere merker, serier, leverand\u00f8rer i Marketwell appen?&raquo;]Vi kan enkelt legge til flere merker, produkter, serier, eller leverand\u00f8rer for deg.<br \/>\n\u2060<br \/>\nKontakt oss gjerne i Marketwell via chat funksjonen v\u00e5r i appen eller via e-post.<\/p>\n<p>Om du savner favorittmerket ditt i appen s\u00e5 er vi evig takknemlige om du vil hjelpe oss med \u00e5 spre det glade ord om oss til din leverand\u00f8r!<br \/>\n\u2060[\/vc_toggle][vc_empty_space height=&raquo;38px&raquo;][vc_toggle title=&raquo;Kan alle i salongen ta i bruk appen?&raquo;]<\/p>\n<div class=\"wpb_text_column wpb_content_element \">\n<div class=\"wpb_wrapper\">\n<p>Ja det kan dere!<\/p>\n<p>Marketwell vil gjerne dele informasjon og inspirasjon med alle i salongen uansett rolle.<\/p>\n<p>Vi skreddersyr innhold til hver enkelt bruker basert p\u00e5 dine interesser, fagomr\u00e5de og bestillingsmuligheter.<\/p>\n<\/div>\n<\/div>\n<p>[\/vc_toggle][vc_empty_space height=&raquo;38px&raquo;][vc_toggle title=&raquo;Hvordan kan Marketwell forenkle min hverdag?&raquo;]Marketwell samler informasjon, inspirasjon, kurs og produktinformasjon inn i en l\u00f8sning.<\/p>\n<p>Ser du noen interessante nyheter\/kampanjer? Les, bli inspirert og bestill med f\u00e5 klikk.<\/p>\n<p>Lyst til \u00e5 ta et nytt kurs? Se hva som skjer i din bransje og enkelt meld deg p\u00e5.<\/p>\n<p>Produktinformasjon alltid tilgjengelig p\u00e5 mobil for alle medarbeidere.<\/p>\n<p>F\u00f8lg med for nye funksjonaliteter![\/vc_toggle][vc_empty_space height=&raquo;38px&raquo;][vc_toggle title=&raquo;Finnes det egne l\u00f8sninger for kjeder?&raquo;]Ja det har vi!<\/p>\n<p>\u00d8nsker dere en tilpasset l\u00f8sning for deres virksomhet for bedre intern-kommunikasjon, informasjonsflyt og enklere drift av salong?<\/p>\n<p>Marketwell leverer l\u00f8sninger til alle st\u00f8rrelser, fra enkeltmannsforetak til st\u00f8rre kjeder. Kontakt oss gjerne for en uforpliktende samtale.[\/vc_toggle][vc_empty_space height=&raquo;38px&raquo;][vc_toggle title=&raquo;Kan jeg som l\u00e6rling\/student bruke appen?&raquo;]Ja det kan du!<\/p>\n<p>Studenter og l\u00e6rlinger er hjertelig velkommen til \u00e5 bruke appen. Det kan v\u00e6re et fint verkt\u00f8y \u00e5 ha ved siden av utdanning\/praksis.<\/p>\n<p>Her kan du se hva som r\u00f8rer seg i bransjen, enkelt motta informasjon og i noen sammenhenger kunne delta p\u00e5 kurs.<\/p>\n<p>Marketwell setter opp en gratis brukerkonto til deg som du kan benytte under utdanning som du kan ta med deg videre ut i arbeidslivet. Husk da bare \u00e5 oppdatere oss p\u00e5 arbeidssted og om dine sertifiseringer eller merkevaretilganger endrer seg.<\/p>\n<p>Lykke til med utdanningen![\/vc_toggle][vc_empty_space height=&raquo;38px&raquo;][vc_toggle title=&raquo;Chat med oss i Marketwell appen&raquo;]<\/p>\n<div class=\"wpb_text_column wpb_content_element \">\n<div class=\"wpb_wrapper\">\n<p>N\u00e5r du er inne p\u00e5 startsiden kan du se en chat boble nederst i h\u00f8yre hj\u00f8rne.<\/p>\n<p>Her kan du komme i direkte kontakt med en av v\u00e5re medarbeidere som hjelper deg p\u00e5 veien.<br \/>\n\u2060<br \/>\nDet er ogs\u00e5 her vi vil \u00f8nske deg velkommen og holde deg oppdatert p\u00e5 nye lanseringer og produktnyheter mm.\u2060<\/p>\n<\/div>\n<\/div>\n<p>[\/vc_toggle][vc_empty_space height=&raquo;38px&raquo;][\/vc_column][vc_column width=&raquo;1\/3&#8243; css=&raquo;.vc_custom_1610638689915{background-color: #f1f7f9 !important;}&raquo;]<div class=\"mkdf-iwt clearfix  mkdf-iwt-icon-left mkdf-iwt-icon-medium\">\n\t\n\t<div class=\"mkdf-iwt-images\">\n\t\t<div class=\"mkdf-iwt-background\" >\n\t\t\t\t\t\t\t\t\t\t\t\t\t<\/div>\n\t\t\n\t\t<div class=\"mkdf-iwt-icon\">\n\t\t\t\t\t\t\t\t\t\t\t\t    <span class=\"mkdf-icon-shortcode mkdf-normal   mkdf-icon-medium\"  >\n                    <i class=\"mkdf-icon-linea-icon icon-ecommerce-money mkdf-icon-element\" style=\"\" ><\/i>            <\/span>\n\t\t\t\t\t\t\t\t\t\t<\/div>\n\t<\/div>\n\t<div class=\"mkdf-iwt-content\" >\n\t\t\t\t\t\t<h4\t\t\tclass=\"mkdf-iwt-title\" >\n\t\t\t\t\t\t\t<span class=\"mkdf-iwt-title-text\">BESTILLINGER OG BETALING<\/span>\n\t\t\t\t\t\t<\/h4>\n\t\t\t\t\t<\/div>\n<\/div>[vc_empty_space height=&raquo;38px&raquo;][vc_toggle title=&raquo;Hvordan kan jeg spare tid ved enklere bestillinger?&raquo;]I Marketwell appen kan du bestille b\u00e5de vidersalgsprodukter og forbruksvarer til salongen rett fra din egen mobil der du er og n\u00e5r det skulle passe deg.<\/p>\n<p>Ofte bestilte varer? Da kan du hente opp en tidligere ordre, kopiere denne, justere antall og sende avg\u00e5rde.<\/p>\n<p>I appen under &laquo;Ordre&raquo; finner du en oversikt over ordreutkast (kladd) og tidligere sendte bestillinger.<\/p>\n<p>Tips: Du kan ogs\u00e5 starte en bestilling ved \u00e5 legge produkter i handlekurven, de venter der p\u00e5 deg til du er klar til \u00e5 trykke send![\/vc_toggle][vc_empty_space height=&raquo;38px&raquo;][vc_toggle title=&raquo;Kan jeg bestille fra flere leverand\u00f8rer p\u00e5 ett sted?&raquo;]<\/p>\n<div class=\"wpb_text_column wpb_content_element \">\n<div class=\"wpb_wrapper\">\n<p>Ja, i Marketwell appen kan du bestille fra flere merker\/leverand\u00f8rer p\u00e5 ett sted.<\/p>\n<p>Vi tar i mot bestillingen, splitter din ordre, og sender de videre til leverand\u00f8rene. Resten g\u00e5r som du er vant med.<\/p>\n<p>Helt enkelt &#8211; uten at du m\u00e5 bes\u00f8ke mange webshops!<\/p>\n<p>Merk: Enkelte merkevarer har krav om kurs\/sertifisering eller godkjennelse f\u00f8r f\u00f8rste bestilling. Det gj\u00f8r vi i s\u00e5 fall deg oppmerksom p\u00e5 i forkant.<\/p>\n<\/div>\n<\/div>\n<p>[\/vc_toggle][vc_empty_space height=&raquo;38px&raquo;][vc_toggle title=&raquo;Kan jeg bruke Marketwell dersom min leverand\u00f8rkonto er fryst?&raquo;]Marketwell appen vil fremdeles fungere, men bestillinger vil kunne bli avvist eller satt p\u00e5 pause til din kundekonto er aktiv igjen.[\/vc_toggle][vc_empty_space height=&raquo;38px&raquo;][vc_toggle title=&raquo;Hvordan fungerer betaling i Marketwell?&raquo;]Vi videresender din ordre til leverand\u00f8ren og du beholder dine eksisterende vilk\u00e5r. Du mottar en faktura fra din leverand\u00f8r slik du er vant med.[\/vc_toggle][vc_empty_space height=&raquo;38px&raquo;][vc_toggle title=&raquo;Hva med fraktbetingelser?&raquo;]Vi videresender din ordre til leverand\u00f8ren og du beholder dine eksisterende vilk\u00e5r. Med det f\u00f8lger det ogs\u00e5 til enhver tids gjeldende krav om eventuelle minimums kj\u00f8p og frakt-betingelser fra den enkelte leverand\u00f8r.[\/vc_toggle][vc_empty_space height=&raquo;38px&raquo;][vc_toggle title=&raquo;Hvorfor velge Marketwell?&raquo;]<\/p>\n<div class=\"wpb_text_column wpb_content_element \">\n<div class=\"wpb_wrapper\">\n<p><strong>Det er tid for forenkling.<\/strong><\/p>\n<p class=\"mkdf-st-text\">Vi tror p\u00e5 \u00e5 dele informasjon, inspirasjon, nyheter, oppl\u00e6ring, produktinformasjon og ordreformidling, i \u00e9n brukervennlig plattform.<\/p>\n<p class=\"mkdf-st-text\">Marketwell har som m\u00e5l \u00e5 bidra til inspirasjon og vekst for b\u00e5de merkevarer og forhandlere.<\/p>\n<p class=\"mkdf-st-text\">Vi gj\u00f8r dette fordi vi mener at bransjen fortjener flere muligheter!<\/p>\n<\/div>\n<\/div>\n<p>[\/vc_toggle][vc_empty_space height=&raquo;38px&raquo;][\/vc_column][\/vc_row][vc_row][vc_column][\/vc_column][\/vc_row]<\/p>\n","protected":false},"excerpt":{"rendered":"<p>[vc_row equal_height=&raquo;yes&raquo;][vc_column width=&raquo;1\/3&#8243; css=&raquo;.vc_custom_1610638603836{background-color: #d6e7ea !important;}&raquo;][vc_empty_space height=&raquo;38px&raquo;][vc_toggle title=&raquo;Hvordan kommer jeg i gang med Marketwell?&raquo;]Alternativ 1 &#8211; App Apple App Store; Trykk her og last ned app&#8217;en. eller Google Play;\u00a0 Trykk her og last ned app&#8217;en . Trykk \u00abOpprett ny bruker\u00bb [&hellip;]<\/p>\n","protected":false},"author":3,"featured_media":0,"parent":0,"menu_order":0,"comment_status":"closed","ping_status":"closed","template":"","meta":{"footnotes":""},"yoast_head":"<!-- This site is optimized with the Yoast SEO plugin v24.5 - https:\/\/yoast.com\/wordpress\/plugins\/seo\/ -->\n<title>Sp\u00f8rsm\u00e5l og svar - Marketwell<\/title>\n<meta name=\"robots\" content=\"index, follow, max-snippet:-1, max-image-preview:large, max-video-preview:-1\" \/>\n<link rel=\"canonical\" href=\"https:\/\/marketwell.no\/no\/sporsmal-og-svar\/\" \/>\n<meta property=\"og:locale\" content=\"nb_NO\" \/>\n<meta property=\"og:type\" content=\"article\" \/>\n<meta property=\"og:title\" content=\"Sp\u00f8rsm\u00e5l og svar - Marketwell\" \/>\n<meta property=\"og:description\" content=\"[vc_row equal_height=&raquo;yes&raquo;][vc_column width=&raquo;1\/3&#8243; css=&raquo;.vc_custom_1610638603836{background-color: #d6e7ea !important;}&raquo;][vc_empty_space height=&raquo;38px&raquo;][vc_toggle title=&raquo;Hvordan kommer jeg i gang med Marketwell?&raquo;]Alternativ 1 &#8211; App Apple App Store; Trykk her og last ned app&#8217;en. eller Google Play;\u00a0 Trykk her og last ned app&#8217;en . Trykk \u00abOpprett ny bruker\u00bb [&hellip;]\" \/>\n<meta property=\"og:url\" content=\"https:\/\/marketwell.no\/no\/sporsmal-og-svar\/\" \/>\n<meta property=\"og:site_name\" content=\"Marketwell\" \/>\n<meta property=\"article:publisher\" content=\"https:\/\/www.facebook.com\/marketwellnorge\" \/>\n<meta property=\"article:modified_time\" content=\"2022-03-04T13:45:58+00:00\" \/>\n<meta property=\"og:image\" content=\"https:\/\/marketwell.no\/wp-content\/uploads\/2021\/06\/MW-web-images-2.png\" \/>\n\t<meta property=\"og:image:width\" content=\"1000\" \/>\n\t<meta property=\"og:image:height\" content=\"667\" \/>\n\t<meta property=\"og:image:type\" content=\"image\/png\" \/>\n<meta name=\"twitter:card\" content=\"summary_large_image\" \/>\n<meta name=\"twitter:label1\" content=\"Ansl. lesetid\" \/>\n\t<meta name=\"twitter:data1\" content=\"6 minutter\" \/>\n<script type=\"application\/ld+json\" class=\"yoast-schema-graph\">{\"@context\":\"https:\/\/schema.org\",\"@graph\":[{\"@type\":\"WebPage\",\"@id\":\"https:\/\/marketwell.no\/no\/sporsmal-og-svar\/\",\"url\":\"https:\/\/marketwell.no\/no\/sporsmal-og-svar\/\",\"name\":\"Sp\u00f8rsm\u00e5l og svar - Marketwell\",\"isPartOf\":{\"@id\":\"https:\/\/marketwell.no\/no\/#website\"},\"datePublished\":\"2021-10-06T11:18:53+00:00\",\"dateModified\":\"2022-03-04T13:45:58+00:00\",\"breadcrumb\":{\"@id\":\"https:\/\/marketwell.no\/no\/sporsmal-og-svar\/#breadcrumb\"},\"inLanguage\":\"nb-NO\",\"potentialAction\":[{\"@type\":\"ReadAction\",\"target\":[\"https:\/\/marketwell.no\/no\/sporsmal-og-svar\/\"]}]},{\"@type\":\"BreadcrumbList\",\"@id\":\"https:\/\/marketwell.no\/no\/sporsmal-og-svar\/#breadcrumb\",\"itemListElement\":[{\"@type\":\"ListItem\",\"position\":1,\"name\":\"Hjem\",\"item\":\"https:\/\/marketwell.no\/no\/\"},{\"@type\":\"ListItem\",\"position\":2,\"name\":\"Sp\u00f8rsm\u00e5l og svar\"}]},{\"@type\":\"WebSite\",\"@id\":\"https:\/\/marketwell.no\/no\/#website\",\"url\":\"https:\/\/marketwell.no\/no\/\",\"name\":\"Marketwell\",\"description\":\"Tid for \u00e5 forenkle \",\"publisher\":{\"@id\":\"https:\/\/marketwell.no\/no\/#organization\"},\"potentialAction\":[{\"@type\":\"SearchAction\",\"target\":{\"@type\":\"EntryPoint\",\"urlTemplate\":\"https:\/\/marketwell.no\/no\/?s={search_term_string}\"},\"query-input\":{\"@type\":\"PropertyValueSpecification\",\"valueRequired\":true,\"valueName\":\"search_term_string\"}}],\"inLanguage\":\"nb-NO\"},{\"@type\":\"Organization\",\"@id\":\"https:\/\/marketwell.no\/no\/#organization\",\"name\":\"Marketwell\",\"url\":\"https:\/\/marketwell.no\/no\/\",\"logo\":{\"@type\":\"ImageObject\",\"inLanguage\":\"nb-NO\",\"@id\":\"https:\/\/marketwell.no\/no\/#\/schema\/logo\/image\/\",\"url\":\"https:\/\/marketwell.no\/wp-content\/uploads\/2020\/06\/MWlogo-transparent-bakkgrunn-1-e1623514698867.png\",\"contentUrl\":\"https:\/\/marketwell.no\/wp-content\/uploads\/2020\/06\/MWlogo-transparent-bakkgrunn-1-e1623514698867.png\",\"width\":509,\"height\":239,\"caption\":\"Marketwell\"},\"image\":{\"@id\":\"https:\/\/marketwell.no\/no\/#\/schema\/logo\/image\/\"},\"sameAs\":[\"https:\/\/www.facebook.com\/marketwellnorge\",\"https:\/\/www.instagram.com\/marketwell_as\/\",\"https:\/\/no.pinterest.com\/marketwell\/\",\"https:\/\/www.youtube.com\/channel\/UCfhYr0EHoJP9xPpxp0Sqc5Q\"]}]}<\/script>\n<!-- \/ Yoast SEO plugin. -->","yoast_head_json":{"title":"Sp\u00f8rsm\u00e5l og svar - Marketwell","robots":{"index":"index","follow":"follow","max-snippet":"max-snippet:-1","max-image-preview":"max-image-preview:large","max-video-preview":"max-video-preview:-1"},"canonical":"https:\/\/marketwell.no\/no\/sporsmal-og-svar\/","og_locale":"nb_NO","og_type":"article","og_title":"Sp\u00f8rsm\u00e5l og svar - Marketwell","og_description":"[vc_row equal_height=&raquo;yes&raquo;][vc_column width=&raquo;1\/3&#8243; css=&raquo;.vc_custom_1610638603836{background-color: #d6e7ea !important;}&raquo;][vc_empty_space height=&raquo;38px&raquo;][vc_toggle title=&raquo;Hvordan kommer jeg i gang med Marketwell?&raquo;]Alternativ 1 &#8211; App Apple App Store; Trykk her og last ned app&#8217;en. eller Google Play;\u00a0 Trykk her og last ned app&#8217;en . Trykk \u00abOpprett ny bruker\u00bb [&hellip;]","og_url":"https:\/\/marketwell.no\/no\/sporsmal-og-svar\/","og_site_name":"Marketwell","article_publisher":"https:\/\/www.facebook.com\/marketwellnorge","article_modified_time":"2022-03-04T13:45:58+00:00","og_image":[{"width":1000,"height":667,"url":"https:\/\/marketwell.no\/wp-content\/uploads\/2021\/06\/MW-web-images-2.png","type":"image\/png"}],"twitter_card":"summary_large_image","twitter_misc":{"Ansl. lesetid":"6 minutter"},"schema":{"@context":"https:\/\/schema.org","@graph":[{"@type":"WebPage","@id":"https:\/\/marketwell.no\/no\/sporsmal-og-svar\/","url":"https:\/\/marketwell.no\/no\/sporsmal-og-svar\/","name":"Sp\u00f8rsm\u00e5l og svar - Marketwell","isPartOf":{"@id":"https:\/\/marketwell.no\/no\/#website"},"datePublished":"2021-10-06T11:18:53+00:00","dateModified":"2022-03-04T13:45:58+00:00","breadcrumb":{"@id":"https:\/\/marketwell.no\/no\/sporsmal-og-svar\/#breadcrumb"},"inLanguage":"nb-NO","potentialAction":[{"@type":"ReadAction","target":["https:\/\/marketwell.no\/no\/sporsmal-og-svar\/"]}]},{"@type":"BreadcrumbList","@id":"https:\/\/marketwell.no\/no\/sporsmal-og-svar\/#breadcrumb","itemListElement":[{"@type":"ListItem","position":1,"name":"Hjem","item":"https:\/\/marketwell.no\/no\/"},{"@type":"ListItem","position":2,"name":"Sp\u00f8rsm\u00e5l og svar"}]},{"@type":"WebSite","@id":"https:\/\/marketwell.no\/no\/#website","url":"https:\/\/marketwell.no\/no\/","name":"Marketwell","description":"Tid for \u00e5 forenkle ","publisher":{"@id":"https:\/\/marketwell.no\/no\/#organization"},"potentialAction":[{"@type":"SearchAction","target":{"@type":"EntryPoint","urlTemplate":"https:\/\/marketwell.no\/no\/?s={search_term_string}"},"query-input":{"@type":"PropertyValueSpecification","valueRequired":true,"valueName":"search_term_string"}}],"inLanguage":"nb-NO"},{"@type":"Organization","@id":"https:\/\/marketwell.no\/no\/#organization","name":"Marketwell","url":"https:\/\/marketwell.no\/no\/","logo":{"@type":"ImageObject","inLanguage":"nb-NO","@id":"https:\/\/marketwell.no\/no\/#\/schema\/logo\/image\/","url":"https:\/\/marketwell.no\/wp-content\/uploads\/2020\/06\/MWlogo-transparent-bakkgrunn-1-e1623514698867.png","contentUrl":"https:\/\/marketwell.no\/wp-content\/uploads\/2020\/06\/MWlogo-transparent-bakkgrunn-1-e1623514698867.png","width":509,"height":239,"caption":"Marketwell"},"image":{"@id":"https:\/\/marketwell.no\/no\/#\/schema\/logo\/image\/"},"sameAs":["https:\/\/www.facebook.com\/marketwellnorge","https:\/\/www.instagram.com\/marketwell_as\/","https:\/\/no.pinterest.com\/marketwell\/","https:\/\/www.youtube.com\/channel\/UCfhYr0EHoJP9xPpxp0Sqc5Q"]}]}},"jetpack_sharing_enabled":true,"_links":{"self":[{"href":"https:\/\/marketwell.no\/no\/wp-json\/wp\/v2\/pages\/4372"}],"collection":[{"href":"https:\/\/marketwell.no\/no\/wp-json\/wp\/v2\/pages"}],"about":[{"href":"https:\/\/marketwell.no\/no\/wp-json\/wp\/v2\/types\/page"}],"author":[{"embeddable":true,"href":"https:\/\/marketwell.no\/no\/wp-json\/wp\/v2\/users\/3"}],"replies":[{"embeddable":true,"href":"https:\/\/marketwell.no\/no\/wp-json\/wp\/v2\/comments?post=4372"}],"version-history":[{"count":78,"href":"https:\/\/marketwell.no\/no\/wp-json\/wp\/v2\/pages\/4372\/revisions"}],"predecessor-version":[{"id":9449,"href":"https:\/\/marketwell.no\/no\/wp-json\/wp\/v2\/pages\/4372\/revisions\/9449"}],"wp:attachment":[{"href":"https:\/\/marketwell.no\/no\/wp-json\/wp\/v2\/media?parent=4372"}],"curies":[{"name":"wp","href":"https:\/\/api.w.org\/{rel}","templated":true}]}}