{"id":8970,"date":"2021-10-06T13:21:53","date_gmt":"2021-10-06T11:21:53","guid":{"rendered":"https:\/\/marketwell.no\/?page_id=8970"},"modified":"2022-04-05T14:07:48","modified_gmt":"2022-04-05T12:07:48","slug":"kontakt-oss","status":"publish","type":"page","link":"https:\/\/marketwell.no\/no\/ressurser\/kontakt-oss\/","title":{"rendered":"Kontakt oss"},"content":{"rendered":"<p>[vc_row row_content_width=&raquo;grid&raquo; simple_background_image_repeat=&raquo;no-repeat&raquo; disable_background_image=&raquo;&raquo; css=&raquo;.vc_custom_1565707361745{padding-top: 120px !important;padding-bottom: 140px !important;}&raquo; simple_background_image=&raquo;1081&#8243;][vc_column width=&raquo;1\/6&#8243;][\/vc_column][vc_column width=&raquo;2\/3&#8243;]<div class=\"mkdf-elements-holder   mkdf-one-column  mkdf-responsive-mode-768 \" ><div class=\"mkdf-eh-item     \" data-item-class=\"mkdf-eh-custom-8558\">\n\t<div class=\"mkdf-eh-background-holder\"  ><\/div>\n\t<div class=\"mkdf-eh-item-inner\">\n\t\t<div class=\"mkdf-eh-item-content mkdf-eh-custom-8558\" style=\"padding: 25px 20% 40px 20%\">\n\t\t\t<div class=\"mkdf-section-title-holder  mkdf-st-top-tagline-position mkdf-st-center-position mkdf-st-bottom-image-position \" style=\"text-align: center\">\n\t<div class=\"mkdf-st-inner\">\n\t\t\t\t\t\t\t<span class=\"mkdf-st-tagline\" style=\"color: #e5e5e5\">\n\t\t\t\tKontakt oss\t\t\t<\/span>\n\t\t\t\t\t\t\t<h2 class=\"mkdf-st-title\" >\n\t\t\t\tMarketwell\t\t\t<\/h2>\n\t\t\t\t\t\t\t<h5 class=\"mkdf-st-subtitle\" >\n\t\t\t\tDette kan v\u00e6re akkurat den applikasjonen dine merker, salong eller butikk trenger. Hvis du har sp\u00f8rsm\u00e5l hjelper vi gjerne. Vennligst bruk skjemaet nedenfor eller chatten, s\u00e5 kommer vi tilbake til deg s\u00e5 snart som mulig.\t\t\t<\/h5>\n\t\t\t\t\t\t\t\t\t\t\t<\/div>\n<\/div>\t\t<\/div>\n\t\t\t<\/div>\n<\/div><\/div>\n<div class=\"wpcf7 no-js\" id=\"wpcf7-f3590-o1\" lang=\"en-US\" dir=\"ltr\">\n<div class=\"screen-reader-response\"><p role=\"status\" aria-live=\"polite\" aria-atomic=\"true\"><\/p> <ul><\/ul><\/div>\n<form action=\"\/no\/wp-json\/wp\/v2\/pages\/8970#wpcf7-f3590-o1\" method=\"post\" class=\"wpcf7-form init cf7_custom_style_2\" aria-label=\"Contact form\" novalidate=\"novalidate\" data-status=\"init\">\n<div style=\"display: none;\">\n<input type=\"hidden\" name=\"_wpcf7\" value=\"3590\" \/>\n<input type=\"hidden\" name=\"_wpcf7_version\" value=\"5.9.8\" \/>\n<input type=\"hidden\" name=\"_wpcf7_locale\" value=\"en_US\" \/>\n<input type=\"hidden\" name=\"_wpcf7_unit_tag\" value=\"wpcf7-f3590-o1\" \/>\n<input type=\"hidden\" name=\"_wpcf7_container_post\" value=\"0\" \/>\n<input type=\"hidden\" name=\"_wpcf7_posted_data_hash\" value=\"\" \/>\n<\/div>\n<p><label> Your name (obligatorisk)<br \/>\n<span class=\"wpcf7-form-control-wrap\" data-name=\"your-name\"><input size=\"40\" maxlength=\"400\" class=\"wpcf7-form-control wpcf7-text wpcf7-validates-as-required\" aria-required=\"true\" aria-invalid=\"false\" value=\"\" type=\"text\" name=\"your-name\" \/><\/span> <\/label>\n<\/p>\n<p><label> Your e-mail<br \/>\n<span class=\"wpcf7-form-control-wrap\" data-name=\"your-email\"><input size=\"40\" maxlength=\"400\" class=\"wpcf7-form-control wpcf7-email wpcf7-validates-as-required wpcf7-text wpcf7-validates-as-email\" aria-required=\"true\" aria-invalid=\"false\" value=\"\" type=\"email\" name=\"your-email\" \/><\/span> <\/label>\n<\/p>\n<p><label> Subject<br \/>\n<span class=\"wpcf7-form-control-wrap\" data-name=\"your-subject\"><input size=\"40\" maxlength=\"400\" class=\"wpcf7-form-control wpcf7-text\" aria-invalid=\"false\" value=\"\" type=\"text\" name=\"your-subject\" \/><\/span> <\/label>\n<\/p>\n<p><label> Message<br \/>\n<span class=\"wpcf7-form-control-wrap\" data-name=\"your-message\"><textarea cols=\"40\" rows=\"10\" maxlength=\"2000\" class=\"wpcf7-form-control wpcf7-textarea\" aria-invalid=\"false\" name=\"your-message\"><\/textarea><\/span> <\/label>\n<\/p>\n<div id=\"cf7sr-69f5c86494ceb\" class=\"cf7sr-g-recaptcha\" data-theme=\"light\" data-type=\"image\" data-size=\"normal\" data-sitekey=\"6Le-KVsUAAAAADcgyV6y816q7TLszHCO-T0JE9On\"><\/div><span class=\"wpcf7-form-control-wrap cf7sr-recaptcha\" data-name=\"cf7sr-recaptcha\"><input type=\"hidden\" name=\"cf7sr-recaptcha\" value=\"\" class=\"wpcf7-form-control\"><\/span><br \/>\n<button class=\"wpcf7-form-control wpcf7-submit mkdf-btn mkdf-btn-medium mkdf-btn-solid\" type=\"submit\"><span class=\"mkdf-btn-text\">Send<\/span><\/button>\n<\/p><div class=\"wpcf7-response-output\" aria-hidden=\"true\"><\/div>\n<\/form>\n<\/div>\n[\/vc_column][vc_column width=&raquo;1\/6&#8243;][\/vc_column][\/vc_row][vc_row][vc_column][vc_column_text]<\/p>\n<p style=\"text-align: center;\">Marketwell AS<br \/>\nOrg.nr. 913 641 132<br \/>\nkontakt@marketwell.no<\/p>\n<p>\u00a0[\/vc_column_text][\/vc_column][\/vc_row]<\/p>\n","protected":false},"excerpt":{"rendered":"<p>[vc_row row_content_width=&raquo;grid&raquo; simple_background_image_repeat=&raquo;no-repeat&raquo; disable_background_image=&raquo;&raquo; css=&raquo;.vc_custom_1565707361745{padding-top: 120px !important;padding-bottom: 140px !important;}&raquo; simple_background_image=&raquo;1081&#8243;][vc_column width=&raquo;1\/6&#8243;][\/vc_column][vc_column width=&raquo;2\/3&#8243;][\/vc_column][vc_column width=&raquo;1\/6&#8243;][\/vc_column][\/vc_row][vc_row][vc_column][vc_column_text] Marketwell AS Org.nr. 913 641 132 kontakt@marketwell.no \u00a0[\/vc_column_text][\/vc_column][\/vc_row]<\/p>\n","protected":false},"author":1,"featured_media":0,"parent":8964,"menu_order":0,"comment_status":"closed","ping_status":"closed","template":"full-width.php","meta":{"footnotes":""},"yoast_head":"<!-- This site is optimized with the Yoast SEO plugin v24.5 - https:\/\/yoast.com\/wordpress\/plugins\/seo\/ -->\n<title>Kontakt oss - Marketwell<\/title>\n<meta name=\"robots\" content=\"index, follow, max-snippet:-1, max-image-preview:large, max-video-preview:-1\" \/>\n<link rel=\"canonical\" href=\"https:\/\/marketwell.no\/no\/ressurser\/kontakt-oss\/\" \/>\n<meta property=\"og:locale\" content=\"nb_NO\" \/>\n<meta property=\"og:type\" content=\"article\" \/>\n<meta property=\"og:title\" content=\"Kontakt oss - Marketwell\" \/>\n<meta property=\"og:description\" content=\"[vc_row row_content_width=&raquo;grid&raquo; simple_background_image_repeat=&raquo;no-repeat&raquo; disable_background_image=&raquo;&raquo; css=&raquo;.vc_custom_1565707361745{padding-top: 120px !important;padding-bottom: 140px !important;}&raquo; simple_background_image=&raquo;1081&#8243;][vc_column width=&raquo;1\/6&#8243;][\/vc_column][vc_column width=&raquo;2\/3&#8243;][\/vc_column][vc_column width=&raquo;1\/6&#8243;][\/vc_column][\/vc_row][vc_row][vc_column][vc_column_text] Marketwell AS Org.nr. 913 641 132 kontakt@marketwell.no \u00a0[\/vc_column_text][\/vc_column][\/vc_row]\" \/>\n<meta property=\"og:url\" content=\"https:\/\/marketwell.no\/no\/ressurser\/kontakt-oss\/\" \/>\n<meta property=\"og:site_name\" content=\"Marketwell\" \/>\n<meta property=\"article:publisher\" content=\"https:\/\/www.facebook.com\/marketwellnorge\" \/>\n<meta property=\"article:modified_time\" content=\"2022-04-05T12:07:48+00:00\" \/>\n<meta property=\"og:image\" content=\"https:\/\/marketwell.no\/wp-content\/uploads\/2021\/06\/MW-web-images-2.png\" \/>\n\t<meta property=\"og:image:width\" content=\"1000\" \/>\n\t<meta property=\"og:image:height\" content=\"667\" \/>\n\t<meta property=\"og:image:type\" content=\"image\/png\" \/>\n<meta name=\"twitter:card\" content=\"summary_large_image\" \/>\n<meta name=\"twitter:label1\" content=\"Ansl. lesetid\" \/>\n\t<meta name=\"twitter:data1\" content=\"1 minutt\" \/>\n<script type=\"application\/ld+json\" class=\"yoast-schema-graph\">{\"@context\":\"https:\/\/schema.org\",\"@graph\":[{\"@type\":\"WebPage\",\"@id\":\"https:\/\/marketwell.no\/no\/ressurser\/kontakt-oss\/\",\"url\":\"https:\/\/marketwell.no\/no\/ressurser\/kontakt-oss\/\",\"name\":\"Kontakt oss - Marketwell\",\"isPartOf\":{\"@id\":\"https:\/\/marketwell.no\/no\/#website\"},\"datePublished\":\"2021-10-06T11:21:53+00:00\",\"dateModified\":\"2022-04-05T12:07:48+00:00\",\"breadcrumb\":{\"@id\":\"https:\/\/marketwell.no\/no\/ressurser\/kontakt-oss\/#breadcrumb\"},\"inLanguage\":\"nb-NO\",\"potentialAction\":[{\"@type\":\"ReadAction\",\"target\":[\"https:\/\/marketwell.no\/no\/ressurser\/kontakt-oss\/\"]}]},{\"@type\":\"BreadcrumbList\",\"@id\":\"https:\/\/marketwell.no\/no\/ressurser\/kontakt-oss\/#breadcrumb\",\"itemListElement\":[{\"@type\":\"ListItem\",\"position\":1,\"name\":\"Hjem\",\"item\":\"https:\/\/marketwell.no\/no\/\"},{\"@type\":\"ListItem\",\"position\":2,\"name\":\"Ressurser\",\"item\":\"https:\/\/marketwell.no\/no\/ressurser\/\"},{\"@type\":\"ListItem\",\"position\":3,\"name\":\"Kontakt oss\"}]},{\"@type\":\"WebSite\",\"@id\":\"https:\/\/marketwell.no\/no\/#website\",\"url\":\"https:\/\/marketwell.no\/no\/\",\"name\":\"Marketwell\",\"description\":\"Tid for \u00e5 forenkle \",\"publisher\":{\"@id\":\"https:\/\/marketwell.no\/no\/#organization\"},\"potentialAction\":[{\"@type\":\"SearchAction\",\"target\":{\"@type\":\"EntryPoint\",\"urlTemplate\":\"https:\/\/marketwell.no\/no\/?s={search_term_string}\"},\"query-input\":{\"@type\":\"PropertyValueSpecification\",\"valueRequired\":true,\"valueName\":\"search_term_string\"}}],\"inLanguage\":\"nb-NO\"},{\"@type\":\"Organization\",\"@id\":\"https:\/\/marketwell.no\/no\/#organization\",\"name\":\"Marketwell\",\"url\":\"https:\/\/marketwell.no\/no\/\",\"logo\":{\"@type\":\"ImageObject\",\"inLanguage\":\"nb-NO\",\"@id\":\"https:\/\/marketwell.no\/no\/#\/schema\/logo\/image\/\",\"url\":\"https:\/\/marketwell.no\/wp-content\/uploads\/2020\/06\/MWlogo-transparent-bakkgrunn-1-e1623514698867.png\",\"contentUrl\":\"https:\/\/marketwell.no\/wp-content\/uploads\/2020\/06\/MWlogo-transparent-bakkgrunn-1-e1623514698867.png\",\"width\":509,\"height\":239,\"caption\":\"Marketwell\"},\"image\":{\"@id\":\"https:\/\/marketwell.no\/no\/#\/schema\/logo\/image\/\"},\"sameAs\":[\"https:\/\/www.facebook.com\/marketwellnorge\",\"https:\/\/www.instagram.com\/marketwell_as\/\",\"https:\/\/no.pinterest.com\/marketwell\/\",\"https:\/\/www.youtube.com\/channel\/UCfhYr0EHoJP9xPpxp0Sqc5Q\"]}]}<\/script>\n<!-- \/ Yoast SEO plugin. -->","yoast_head_json":{"title":"Kontakt oss - Marketwell","robots":{"index":"index","follow":"follow","max-snippet":"max-snippet:-1","max-image-preview":"max-image-preview:large","max-video-preview":"max-video-preview:-1"},"canonical":"https:\/\/marketwell.no\/no\/ressurser\/kontakt-oss\/","og_locale":"nb_NO","og_type":"article","og_title":"Kontakt oss - Marketwell","og_description":"[vc_row row_content_width=&raquo;grid&raquo; simple_background_image_repeat=&raquo;no-repeat&raquo; disable_background_image=&raquo;&raquo; css=&raquo;.vc_custom_1565707361745{padding-top: 120px !important;padding-bottom: 140px !important;}&raquo; simple_background_image=&raquo;1081&#8243;][vc_column width=&raquo;1\/6&#8243;][\/vc_column][vc_column width=&raquo;2\/3&#8243;][\/vc_column][vc_column width=&raquo;1\/6&#8243;][\/vc_column][\/vc_row][vc_row][vc_column][vc_column_text] Marketwell AS Org.nr. 913 641 132 kontakt@marketwell.no \u00a0[\/vc_column_text][\/vc_column][\/vc_row]","og_url":"https:\/\/marketwell.no\/no\/ressurser\/kontakt-oss\/","og_site_name":"Marketwell","article_publisher":"https:\/\/www.facebook.com\/marketwellnorge","article_modified_time":"2022-04-05T12:07:48+00:00","og_image":[{"width":1000,"height":667,"url":"https:\/\/marketwell.no\/wp-content\/uploads\/2021\/06\/MW-web-images-2.png","type":"image\/png"}],"twitter_card":"summary_large_image","twitter_misc":{"Ansl. lesetid":"1 minutt"},"schema":{"@context":"https:\/\/schema.org","@graph":[{"@type":"WebPage","@id":"https:\/\/marketwell.no\/no\/ressurser\/kontakt-oss\/","url":"https:\/\/marketwell.no\/no\/ressurser\/kontakt-oss\/","name":"Kontakt oss - Marketwell","isPartOf":{"@id":"https:\/\/marketwell.no\/no\/#website"},"datePublished":"2021-10-06T11:21:53+00:00","dateModified":"2022-04-05T12:07:48+00:00","breadcrumb":{"@id":"https:\/\/marketwell.no\/no\/ressurser\/kontakt-oss\/#breadcrumb"},"inLanguage":"nb-NO","potentialAction":[{"@type":"ReadAction","target":["https:\/\/marketwell.no\/no\/ressurser\/kontakt-oss\/"]}]},{"@type":"BreadcrumbList","@id":"https:\/\/marketwell.no\/no\/ressurser\/kontakt-oss\/#breadcrumb","itemListElement":[{"@type":"ListItem","position":1,"name":"Hjem","item":"https:\/\/marketwell.no\/no\/"},{"@type":"ListItem","position":2,"name":"Ressurser","item":"https:\/\/marketwell.no\/no\/ressurser\/"},{"@type":"ListItem","position":3,"name":"Kontakt oss"}]},{"@type":"WebSite","@id":"https:\/\/marketwell.no\/no\/#website","url":"https:\/\/marketwell.no\/no\/","name":"Marketwell","description":"Tid for \u00e5 forenkle ","publisher":{"@id":"https:\/\/marketwell.no\/no\/#organization"},"potentialAction":[{"@type":"SearchAction","target":{"@type":"EntryPoint","urlTemplate":"https:\/\/marketwell.no\/no\/?s={search_term_string}"},"query-input":{"@type":"PropertyValueSpecification","valueRequired":true,"valueName":"search_term_string"}}],"inLanguage":"nb-NO"},{"@type":"Organization","@id":"https:\/\/marketwell.no\/no\/#organization","name":"Marketwell","url":"https:\/\/marketwell.no\/no\/","logo":{"@type":"ImageObject","inLanguage":"nb-NO","@id":"https:\/\/marketwell.no\/no\/#\/schema\/logo\/image\/","url":"https:\/\/marketwell.no\/wp-content\/uploads\/2020\/06\/MWlogo-transparent-bakkgrunn-1-e1623514698867.png","contentUrl":"https:\/\/marketwell.no\/wp-content\/uploads\/2020\/06\/MWlogo-transparent-bakkgrunn-1-e1623514698867.png","width":509,"height":239,"caption":"Marketwell"},"image":{"@id":"https:\/\/marketwell.no\/no\/#\/schema\/logo\/image\/"},"sameAs":["https:\/\/www.facebook.com\/marketwellnorge","https:\/\/www.instagram.com\/marketwell_as\/","https:\/\/no.pinterest.com\/marketwell\/","https:\/\/www.youtube.com\/channel\/UCfhYr0EHoJP9xPpxp0Sqc5Q"]}]}},"jetpack_sharing_enabled":true,"_links":{"self":[{"href":"https:\/\/marketwell.no\/no\/wp-json\/wp\/v2\/pages\/8970"}],"collection":[{"href":"https:\/\/marketwell.no\/no\/wp-json\/wp\/v2\/pages"}],"about":[{"href":"https:\/\/marketwell.no\/no\/wp-json\/wp\/v2\/types\/page"}],"author":[{"embeddable":true,"href":"https:\/\/marketwell.no\/no\/wp-json\/wp\/v2\/users\/1"}],"replies":[{"embeddable":true,"href":"https:\/\/marketwell.no\/no\/wp-json\/wp\/v2\/comments?post=8970"}],"version-history":[{"count":4,"href":"https:\/\/marketwell.no\/no\/wp-json\/wp\/v2\/pages\/8970\/revisions"}],"predecessor-version":[{"id":10127,"href":"https:\/\/marketwell.no\/no\/wp-json\/wp\/v2\/pages\/8970\/revisions\/10127"}],"up":[{"embeddable":true,"href":"https:\/\/marketwell.no\/no\/wp-json\/wp\/v2\/pages\/8964"}],"wp:attachment":[{"href":"https:\/\/marketwell.no\/no\/wp-json\/wp\/v2\/media?parent=8970"}],"curies":[{"name":"wp","href":"https:\/\/api.w.org\/{rel}","templated":true}]}}